{"id":290,"date":"2017-02-12T23:19:31","date_gmt":"2017-02-12T23:19:31","guid":{"rendered":"https:\/\/orientaldancemeeting.com\/?page_id=290"},"modified":"2022-04-03T20:11:42","modified_gmt":"2022-04-03T20:11:42","slug":"bazar","status":"publish","type":"page","link":"https:\/\/www.orientaldancemeeting.com\/es\/bazar\/","title":{"rendered":"Bazar"},"content":{"rendered":"\t\t<div data-elementor-type=\"wp-post\" data-elementor-id=\"290\" class=\"elementor elementor-290\" data-elementor-post-type=\"page\">\n\t\t\t\t\t\t<section class=\"elementor-section elementor-top-section elementor-element elementor-element-91b49ba elementor-section-content-middle elementor-section-boxed elementor-section-height-default elementor-section-height-default\" data-id=\"91b49ba\" data-element_type=\"section\" data-e-type=\"section\" data-settings=\"{&quot;background_background&quot;:&quot;classic&quot;}\">\n\t\t\t\t\t\t<div class=\"elementor-container elementor-column-gap-no\">\n\t\t\t\t\t<div class=\"elementor-column elementor-col-50 elementor-top-column elementor-element elementor-element-3e5a052\" data-id=\"3e5a052\" data-element_type=\"column\" data-e-type=\"column\" data-settings=\"{&quot;background_background&quot;:&quot;classic&quot;}\">\n\t\t\t<div class=\"elementor-widget-wrap elementor-element-populated\">\n\t\t\t\t\t\t<div class=\"elementor-element elementor-element-9ee3886 elementor-widget elementor-widget-heading\" data-id=\"9ee3886\" data-element_type=\"widget\" data-e-type=\"widget\" data-widget_type=\"heading.default\">\n\t\t\t\t<div class=\"elementor-widget-container\">\n\t\t\t\t\t<h4 class=\"elementor-heading-title elementor-size-default\">BAZAR<\/h4>\t\t\t\t<\/div>\n\t\t\t\t<\/div>\n\t\t\t\t\t<\/div>\n\t\t<\/div>\n\t\t\t\t<div class=\"elementor-column elementor-col-50 elementor-top-column elementor-element elementor-element-9e71527\" data-id=\"9e71527\" data-element_type=\"column\" data-e-type=\"column\">\n\t\t\t<div class=\"elementor-widget-wrap elementor-element-populated\">\n\t\t\t\t\t\t<div class=\"elementor-element elementor-element-1b77a23 elementor-widget elementor-widget-text-editor\" data-id=\"1b77a23\" data-element_type=\"widget\" data-e-type=\"widget\" data-widget_type=\"text-editor.default\">\n\t\t\t\t<div class=\"elementor-widget-container\">\n\t\t\t\t\t\t\t\t\t<p><strong>ODM FESTIVAL cuenta con un espacio amplio, para la exposici\u00f3n y venta de art\u00edculos de danza, moda y accesorios.<\/strong><br><strong>Nuestros patrocinadores disfrutan y comparten un espacio de interacci\u00f3n, para dar a conocer y vender sus productos.<\/strong><\/p>\t\t\t\t\t\t\t\t<\/div>\n\t\t\t\t<\/div>\n\t\t\t\t\t<\/div>\n\t\t<\/div>\n\t\t\t\t\t<\/div>\n\t\t<\/section>\n\t\t\t\t<section class=\"elementor-section elementor-top-section elementor-element elementor-element-c02faa5 elementor-section-boxed elementor-section-height-default elementor-section-height-default\" data-id=\"c02faa5\" data-element_type=\"section\" data-e-type=\"section\">\n\t\t\t\t\t\t<div class=\"elementor-container elementor-column-gap-default\">\n\t\t\t\t\t<div class=\"elementor-column elementor-col-100 elementor-top-column elementor-element elementor-element-7cf3ad1\" data-id=\"7cf3ad1\" data-element_type=\"column\" data-e-type=\"column\">\n\t\t\t<div class=\"elementor-widget-wrap\">\n\t\t\t\t\t\t\t<\/div>\n\t\t<\/div>\n\t\t\t\t\t<\/div>\n\t\t<\/section>\n\t\t\t\t<section class=\"elementor-section elementor-top-section elementor-element elementor-element-39cf0f9 elementor-section-boxed elementor-section-height-default elementor-section-height-default\" data-id=\"39cf0f9\" data-element_type=\"section\" data-e-type=\"section\">\n\t\t\t\t\t\t<div class=\"elementor-container elementor-column-gap-default\">\n\t\t\t\t\t<div class=\"elementor-column elementor-col-100 elementor-top-column elementor-element elementor-element-8f19783\" data-id=\"8f19783\" data-element_type=\"column\" data-e-type=\"column\">\n\t\t\t<div class=\"elementor-widget-wrap\">\n\t\t\t\t\t\t\t<\/div>\n\t\t<\/div>\n\t\t\t\t\t<\/div>\n\t\t<\/section>\n\t\t\t\t<section class=\"elementor-section elementor-top-section elementor-element elementor-element-8fd717b elementor-section-boxed elementor-section-height-default elementor-section-height-default\" data-id=\"8fd717b\" data-element_type=\"section\" data-e-type=\"section\">\n\t\t\t\t\t\t<div class=\"elementor-container elementor-column-gap-default\">\n\t\t\t\t\t<div class=\"elementor-column elementor-col-50 elementor-top-column elementor-element elementor-element-686b8b3\" data-id=\"686b8b3\" data-element_type=\"column\" data-e-type=\"column\">\n\t\t\t<div class=\"elementor-widget-wrap elementor-element-populated\">\n\t\t\t\t\t\t<div class=\"elementor-element elementor-element-df2b208 elementor-widget elementor-widget-image\" data-id=\"df2b208\" data-element_type=\"widget\" data-e-type=\"widget\" data-widget_type=\"image.default\">\n\t\t\t\t<div class=\"elementor-widget-container\">\n\t\t\t\t\t\t\t\t\t\t\t\t\t\t\t<img fetchpriority=\"high\" decoding=\"async\" width=\"732\" height=\"341\" src=\"https:\/\/www.orientaldancemeeting.com\/wp-content\/uploads\/2022\/04\/ANUBIS-COLLECTION.png\" class=\"attachment-large size-large wp-image-4216\" alt=\"\" srcset=\"https:\/\/www.orientaldancemeeting.com\/wp-content\/uploads\/2022\/04\/ANUBIS-COLLECTION.png 732w, https:\/\/www.orientaldancemeeting.com\/wp-content\/uploads\/2022\/04\/ANUBIS-COLLECTION-300x140.png 300w\" sizes=\"(max-width: 732px) 100vw, 732px\" \/>\t\t\t\t\t\t\t\t\t\t\t\t\t\t\t<\/div>\n\t\t\t\t<\/div>\n\t\t\t\t\t<\/div>\n\t\t<\/div>\n\t\t\t\t<div class=\"elementor-column elementor-col-50 elementor-top-column elementor-element elementor-element-ad4f5a7\" data-id=\"ad4f5a7\" data-element_type=\"column\" data-e-type=\"column\">\n\t\t\t<div class=\"elementor-widget-wrap elementor-element-populated\">\n\t\t\t\t\t\t<div class=\"elementor-element elementor-element-ce654ba elementor-widget elementor-widget-image\" data-id=\"ce654ba\" data-element_type=\"widget\" data-e-type=\"widget\" data-widget_type=\"image.default\">\n\t\t\t\t<div class=\"elementor-widget-container\">\n\t\t\t\t\t\t\t\t\t\t\t\t\t\t\t<img decoding=\"async\" width=\"678\" height=\"960\" src=\"https:\/\/www.orientaldancemeeting.com\/wp-content\/uploads\/2019\/04\/bastet-bellydance-shop-veronika-nesturina.jpg\" class=\"attachment-large size-large wp-image-1495\" alt=\"\" srcset=\"https:\/\/www.orientaldancemeeting.com\/wp-content\/uploads\/2019\/04\/bastet-bellydance-shop-veronika-nesturina.jpg 678w, https:\/\/www.orientaldancemeeting.com\/wp-content\/uploads\/2019\/04\/bastet-bellydance-shop-veronika-nesturina-600x850.jpg 600w, https:\/\/www.orientaldancemeeting.com\/wp-content\/uploads\/2019\/04\/bastet-bellydance-shop-veronika-nesturina-212x300.jpg 212w\" sizes=\"(max-width: 678px) 100vw, 678px\" \/>\t\t\t\t\t\t\t\t\t\t\t\t\t\t\t<\/div>\n\t\t\t\t<\/div>\n\t\t\t\t<div class=\"elementor-element elementor-element-aeded1f elementor-widget elementor-widget-heading\" data-id=\"aeded1f\" data-element_type=\"widget\" data-e-type=\"widget\" data-widget_type=\"heading.default\">\n\t\t\t\t<div class=\"elementor-widget-container\">\n\t\t\t\t\t<h2 class=\"elementor-heading-title elementor-size-default\">BASTET BELLYDANCE SHOP<\/h2>\t\t\t\t<\/div>\n\t\t\t\t<\/div>\n\t\t\t\t<div class=\"elementor-element elementor-element-d59edf6 elementor-widget elementor-widget-text-editor\" data-id=\"d59edf6\" data-element_type=\"widget\" data-e-type=\"widget\" data-widget_type=\"text-editor.default\">\n\t\t\t\t<div class=\"elementor-widget-container\">\n\t\t\t\t\t\t\t\t\t<p>Bazar de danza oriental de Kiev (Ucrania): Trajes de danza del vientre, accesorios de seda, velos, alas y joyas.<\/p>\n\n<p><a href=\"https:\/\/www.facebook.com\/bastetbellydanceshop\/\">https:\/\/www.facebook.com\/bastetbellydanceshop\/<\/a><\/p>\n\n<p><a href=\"http:\/\/www.instagram.com\/bastetbellydanceshop\">http:\/\/www.instagram.com\/bastetbellydanceshop<\/a><\/p>\t\t\t\t\t\t\t\t<\/div>\n\t\t\t\t<\/div>\n\t\t\t\t\t<\/div>\n\t\t<\/div>\n\t\t\t\t\t<\/div>\n\t\t<\/section>\n\t\t\t\t<section class=\"elementor-section elementor-top-section elementor-element elementor-element-bbb0fd0 elementor-section-boxed elementor-section-height-default elementor-section-height-default\" data-id=\"bbb0fd0\" data-element_type=\"section\" data-e-type=\"section\">\n\t\t\t\t\t\t<div class=\"elementor-container elementor-column-gap-default\">\n\t\t\t\t\t<div class=\"elementor-column elementor-col-100 elementor-top-column elementor-element elementor-element-72c20cf\" data-id=\"72c20cf\" data-element_type=\"column\" data-e-type=\"column\">\n\t\t\t<div class=\"elementor-widget-wrap\">\n\t\t\t\t\t\t\t<\/div>\n\t\t<\/div>\n\t\t\t\t\t<\/div>\n\t\t<\/section>\n\t\t\t\t<\/div>\n\t\t","protected":false},"excerpt":{"rendered":"<p>BAZAR ODM FESTIVAL cuenta con un espacio amplio, para la exposici\u00f3n y venta de art\u00edculos de danza, moda y accesorios.Nuestros patrocinadores disfrutan y comparten un espacio de interacci\u00f3n, para dar a conocer y vender sus productos. BASTET BELLYDANCE SHOP Bazar de danza oriental de Kiev (Ucrania): Trajes de danza del vientre, accesorios de seda, velos, [&hellip;]<\/p>\n","protected":false},"author":1,"featured_media":0,"parent":0,"menu_order":0,"comment_status":"closed","ping_status":"closed","template":"elementor_header_footer","meta":{"site-sidebar-layout":"default","site-content-layout":"","ast-site-content-layout":"default","site-content-style":"default","site-sidebar-style":"default","ast-global-header-display":"","ast-banner-title-visibility":"","ast-main-header-display":"","ast-hfb-above-header-display":"","ast-hfb-below-header-display":"","ast-hfb-mobile-header-display":"","site-post-title":"","ast-breadcrumbs-content":"","ast-featured-img":"","footer-sml-layout":"","ast-disable-related-posts":"","theme-transparent-header-meta":"","adv-header-id-meta":"","stick-header-meta":"","header-above-stick-meta":"","header-main-stick-meta":"","header-below-stick-meta":"","astra-migrate-meta-layouts":"default","ast-page-background-enabled":"default","ast-page-background-meta":{"desktop":{"background-color":"","background-image":"","background-repeat":"repeat","background-position":"center center","background-size":"auto","background-attachment":"scroll","background-type":"","background-media":"","overlay-type":"","overlay-color":"","overlay-opacity":"","overlay-gradient":""},"tablet":{"background-color":"","background-image":"","background-repeat":"repeat","background-position":"center center","background-size":"auto","background-attachment":"scroll","background-type":"","background-media":"","overlay-type":"","overlay-color":"","overlay-opacity":"","overlay-gradient":""},"mobile":{"background-color":"","background-image":"","background-repeat":"repeat","background-position":"center center","background-size":"auto","background-attachment":"scroll","background-type":"","background-media":"","overlay-type":"","overlay-color":"","overlay-opacity":"","overlay-gradient":""}},"ast-content-background-meta":{"desktop":{"background-color":"var(--ast-global-color-5)","background-image":"","background-repeat":"repeat","background-position":"center center","background-size":"auto","background-attachment":"scroll","background-type":"","background-media":"","overlay-type":"","overlay-color":"","overlay-opacity":"","overlay-gradient":""},"tablet":{"background-color":"var(--ast-global-color-5)","background-image":"","background-repeat":"repeat","background-position":"center center","background-size":"auto","background-attachment":"scroll","background-type":"","background-media":"","overlay-type":"","overlay-color":"","overlay-opacity":"","overlay-gradient":""},"mobile":{"background-color":"var(--ast-global-color-5)","background-image":"","background-repeat":"repeat","background-position":"center center","background-size":"auto","background-attachment":"scroll","background-type":"","background-media":"","overlay-type":"","overlay-color":"","overlay-opacity":"","overlay-gradient":""}},"footnotes":""},"class_list":["post-290","page","type-page","status-publish","hentry"],"yoast_head":"<!-- This site is optimized with the Yoast SEO plugin v27.3 - https:\/\/yoast.com\/product\/yoast-seo-wordpress\/ -->\n<title>Bazar - Oriental Dance Meeting (ODM Festival)<\/title>\n<meta name=\"robots\" content=\"index, follow, max-snippet:-1, max-image-preview:large, max-video-preview:-1\" \/>\n<link rel=\"canonical\" href=\"https:\/\/www.orientaldancemeeting.com\/es\/bazar\/\" \/>\n<meta property=\"og:locale\" content=\"es_ES\" \/>\n<meta property=\"og:type\" content=\"article\" \/>\n<meta property=\"og:title\" content=\"Bazar - Oriental Dance Meeting (ODM Festival)\" \/>\n<meta property=\"og:description\" content=\"BAZAR ODM FESTIVAL cuenta con un espacio amplio, para la exposici\u00f3n y venta de art\u00edculos de danza, moda y accesorios.Nuestros patrocinadores disfrutan y comparten un espacio de interacci\u00f3n, para dar a conocer y vender sus productos. BASTET BELLYDANCE SHOP Bazar de danza oriental de Kiev (Ucrania): Trajes de danza del vientre, accesorios de seda, velos, [&hellip;]\" \/>\n<meta property=\"og:url\" content=\"https:\/\/www.orientaldancemeeting.com\/es\/bazar\/\" \/>\n<meta property=\"og:site_name\" content=\"Oriental Dance Meeting (ODM Festival)\" \/>\n<meta property=\"article:modified_time\" content=\"2022-04-03T20:11:42+00:00\" \/>\n<meta property=\"og:image\" content=\"https:\/\/www.orientaldancemeeting.com\/wp-content\/uploads\/2022\/04\/ANUBIS-COLLECTION.png\" \/>\n<meta name=\"twitter:card\" content=\"summary_large_image\" \/>\n<meta name=\"twitter:label1\" content=\"Tiempo de lectura\" \/>\n\t<meta name=\"twitter:data1\" content=\"1 minuto\" \/>\n<script type=\"application\/ld+json\" class=\"yoast-schema-graph\">{\"@context\":\"https:\\\/\\\/schema.org\",\"@graph\":[{\"@type\":\"WebPage\",\"@id\":\"https:\\\/\\\/www.orientaldancemeeting.com\\\/es\\\/bazar\\\/\",\"url\":\"https:\\\/\\\/www.orientaldancemeeting.com\\\/es\\\/bazar\\\/\",\"name\":\"Bazar - Oriental Dance Meeting (ODM Festival)\",\"isPartOf\":{\"@id\":\"https:\\\/\\\/www.orientaldancemeeting.com\\\/es\\\/#website\"},\"primaryImageOfPage\":{\"@id\":\"https:\\\/\\\/www.orientaldancemeeting.com\\\/es\\\/bazar\\\/#primaryimage\"},\"image\":{\"@id\":\"https:\\\/\\\/www.orientaldancemeeting.com\\\/es\\\/bazar\\\/#primaryimage\"},\"thumbnailUrl\":\"https:\\\/\\\/www.orientaldancemeeting.com\\\/wp-content\\\/uploads\\\/2022\\\/04\\\/ANUBIS-COLLECTION.png\",\"datePublished\":\"2017-02-12T23:19:31+00:00\",\"dateModified\":\"2022-04-03T20:11:42+00:00\",\"breadcrumb\":{\"@id\":\"https:\\\/\\\/www.orientaldancemeeting.com\\\/es\\\/bazar\\\/#breadcrumb\"},\"inLanguage\":\"es\",\"potentialAction\":[{\"@type\":\"ReadAction\",\"target\":[\"https:\\\/\\\/www.orientaldancemeeting.com\\\/es\\\/bazar\\\/\"]}]},{\"@type\":\"ImageObject\",\"inLanguage\":\"es\",\"@id\":\"https:\\\/\\\/www.orientaldancemeeting.com\\\/es\\\/bazar\\\/#primaryimage\",\"url\":\"https:\\\/\\\/www.orientaldancemeeting.com\\\/wp-content\\\/uploads\\\/2022\\\/04\\\/ANUBIS-COLLECTION.png\",\"contentUrl\":\"https:\\\/\\\/www.orientaldancemeeting.com\\\/wp-content\\\/uploads\\\/2022\\\/04\\\/ANUBIS-COLLECTION.png\"},{\"@type\":\"BreadcrumbList\",\"@id\":\"https:\\\/\\\/www.orientaldancemeeting.com\\\/es\\\/bazar\\\/#breadcrumb\",\"itemListElement\":[{\"@type\":\"ListItem\",\"position\":1,\"name\":\"Portada\",\"item\":\"https:\\\/\\\/www.orientaldancemeeting.com\\\/es\\\/inicio\\\/\"},{\"@type\":\"ListItem\",\"position\":2,\"name\":\"Bazar\"}]},{\"@type\":\"WebSite\",\"@id\":\"https:\\\/\\\/www.orientaldancemeeting.com\\\/es\\\/#website\",\"url\":\"https:\\\/\\\/www.orientaldancemeeting.com\\\/es\\\/\",\"name\":\"Oriental Dance Meeting (ODM Festival)\",\"description\":\"Festival Internacional de Danza Oriental en Espa\u00f1a\",\"publisher\":{\"@id\":\"https:\\\/\\\/www.orientaldancemeeting.com\\\/es\\\/#organization\"},\"potentialAction\":[{\"@type\":\"SearchAction\",\"target\":{\"@type\":\"EntryPoint\",\"urlTemplate\":\"https:\\\/\\\/www.orientaldancemeeting.com\\\/es\\\/?s={search_term_string}\"},\"query-input\":{\"@type\":\"PropertyValueSpecification\",\"valueRequired\":true,\"valueName\":\"search_term_string\"}}],\"inLanguage\":\"es\"},{\"@type\":\"Organization\",\"@id\":\"https:\\\/\\\/www.orientaldancemeeting.com\\\/es\\\/#organization\",\"name\":\"Oriental Dance Meeting Sitges Festival (ODM Sitges Festival)\",\"url\":\"https:\\\/\\\/www.orientaldancemeeting.com\\\/es\\\/\",\"logo\":{\"@type\":\"ImageObject\",\"inLanguage\":\"es\",\"@id\":\"https:\\\/\\\/www.orientaldancemeeting.com\\\/es\\\/#\\\/schema\\\/logo\\\/image\\\/\",\"url\":\"https:\\\/\\\/www.orientaldancemeeting.com\\\/wp-content\\\/uploads\\\/2023\\\/01\\\/Logo-ODM-FESTIVAL-2023-oriental-dance-meeting.png\",\"contentUrl\":\"https:\\\/\\\/www.orientaldancemeeting.com\\\/wp-content\\\/uploads\\\/2023\\\/01\\\/Logo-ODM-FESTIVAL-2023-oriental-dance-meeting.png\",\"width\":7087,\"height\":4724,\"caption\":\"Oriental Dance Meeting Sitges Festival (ODM Sitges Festival)\"},\"image\":{\"@id\":\"https:\\\/\\\/www.orientaldancemeeting.com\\\/es\\\/#\\\/schema\\\/logo\\\/image\\\/\"}}]}<\/script>\n<!-- \/ Yoast SEO plugin. -->","yoast_head_json":{"title":"Bazar - Oriental Dance Meeting (ODM Festival)","robots":{"index":"index","follow":"follow","max-snippet":"max-snippet:-1","max-image-preview":"max-image-preview:large","max-video-preview":"max-video-preview:-1"},"canonical":"https:\/\/www.orientaldancemeeting.com\/es\/bazar\/","og_locale":"es_ES","og_type":"article","og_title":"Bazar - Oriental Dance Meeting (ODM Festival)","og_description":"BAZAR ODM FESTIVAL cuenta con un espacio amplio, para la exposici\u00f3n y venta de art\u00edculos de danza, moda y accesorios.Nuestros patrocinadores disfrutan y comparten un espacio de interacci\u00f3n, para dar a conocer y vender sus productos. BASTET BELLYDANCE SHOP Bazar de danza oriental de Kiev (Ucrania): Trajes de danza del vientre, accesorios de seda, velos, [&hellip;]","og_url":"https:\/\/www.orientaldancemeeting.com\/es\/bazar\/","og_site_name":"Oriental Dance Meeting (ODM Festival)","article_modified_time":"2022-04-03T20:11:42+00:00","og_image":[{"url":"https:\/\/www.orientaldancemeeting.com\/wp-content\/uploads\/2022\/04\/ANUBIS-COLLECTION.png","type":"","width":"","height":""}],"twitter_card":"summary_large_image","twitter_misc":{"Tiempo de lectura":"1 minuto"},"schema":{"@context":"https:\/\/schema.org","@graph":[{"@type":"WebPage","@id":"https:\/\/www.orientaldancemeeting.com\/es\/bazar\/","url":"https:\/\/www.orientaldancemeeting.com\/es\/bazar\/","name":"Bazar - Oriental Dance Meeting (ODM Festival)","isPartOf":{"@id":"https:\/\/www.orientaldancemeeting.com\/es\/#website"},"primaryImageOfPage":{"@id":"https:\/\/www.orientaldancemeeting.com\/es\/bazar\/#primaryimage"},"image":{"@id":"https:\/\/www.orientaldancemeeting.com\/es\/bazar\/#primaryimage"},"thumbnailUrl":"https:\/\/www.orientaldancemeeting.com\/wp-content\/uploads\/2022\/04\/ANUBIS-COLLECTION.png","datePublished":"2017-02-12T23:19:31+00:00","dateModified":"2022-04-03T20:11:42+00:00","breadcrumb":{"@id":"https:\/\/www.orientaldancemeeting.com\/es\/bazar\/#breadcrumb"},"inLanguage":"es","potentialAction":[{"@type":"ReadAction","target":["https:\/\/www.orientaldancemeeting.com\/es\/bazar\/"]}]},{"@type":"ImageObject","inLanguage":"es","@id":"https:\/\/www.orientaldancemeeting.com\/es\/bazar\/#primaryimage","url":"https:\/\/www.orientaldancemeeting.com\/wp-content\/uploads\/2022\/04\/ANUBIS-COLLECTION.png","contentUrl":"https:\/\/www.orientaldancemeeting.com\/wp-content\/uploads\/2022\/04\/ANUBIS-COLLECTION.png"},{"@type":"BreadcrumbList","@id":"https:\/\/www.orientaldancemeeting.com\/es\/bazar\/#breadcrumb","itemListElement":[{"@type":"ListItem","position":1,"name":"Portada","item":"https:\/\/www.orientaldancemeeting.com\/es\/inicio\/"},{"@type":"ListItem","position":2,"name":"Bazar"}]},{"@type":"WebSite","@id":"https:\/\/www.orientaldancemeeting.com\/es\/#website","url":"https:\/\/www.orientaldancemeeting.com\/es\/","name":"Oriental Dance Meeting (ODM Festival)","description":"Festival Internacional de Danza Oriental en Espa\u00f1a","publisher":{"@id":"https:\/\/www.orientaldancemeeting.com\/es\/#organization"},"potentialAction":[{"@type":"SearchAction","target":{"@type":"EntryPoint","urlTemplate":"https:\/\/www.orientaldancemeeting.com\/es\/?s={search_term_string}"},"query-input":{"@type":"PropertyValueSpecification","valueRequired":true,"valueName":"search_term_string"}}],"inLanguage":"es"},{"@type":"Organization","@id":"https:\/\/www.orientaldancemeeting.com\/es\/#organization","name":"Oriental Dance Meeting Sitges Festival (ODM Sitges Festival)","url":"https:\/\/www.orientaldancemeeting.com\/es\/","logo":{"@type":"ImageObject","inLanguage":"es","@id":"https:\/\/www.orientaldancemeeting.com\/es\/#\/schema\/logo\/image\/","url":"https:\/\/www.orientaldancemeeting.com\/wp-content\/uploads\/2023\/01\/Logo-ODM-FESTIVAL-2023-oriental-dance-meeting.png","contentUrl":"https:\/\/www.orientaldancemeeting.com\/wp-content\/uploads\/2023\/01\/Logo-ODM-FESTIVAL-2023-oriental-dance-meeting.png","width":7087,"height":4724,"caption":"Oriental Dance Meeting Sitges Festival (ODM Sitges Festival)"},"image":{"@id":"https:\/\/www.orientaldancemeeting.com\/es\/#\/schema\/logo\/image\/"}}]}},"_links":{"self":[{"href":"https:\/\/www.orientaldancemeeting.com\/es\/wp-json\/wp\/v2\/pages\/290","targetHints":{"allow":["GET"]}}],"collection":[{"href":"https:\/\/www.orientaldancemeeting.com\/es\/wp-json\/wp\/v2\/pages"}],"about":[{"href":"https:\/\/www.orientaldancemeeting.com\/es\/wp-json\/wp\/v2\/types\/page"}],"author":[{"embeddable":true,"href":"https:\/\/www.orientaldancemeeting.com\/es\/wp-json\/wp\/v2\/users\/1"}],"replies":[{"embeddable":true,"href":"https:\/\/www.orientaldancemeeting.com\/es\/wp-json\/wp\/v2\/comments?post=290"}],"version-history":[{"count":0,"href":"https:\/\/www.orientaldancemeeting.com\/es\/wp-json\/wp\/v2\/pages\/290\/revisions"}],"wp:attachment":[{"href":"https:\/\/www.orientaldancemeeting.com\/es\/wp-json\/wp\/v2\/media?parent=290"}],"curies":[{"name":"wp","href":"https:\/\/api.w.org\/{rel}","templated":true}]}}